{"id":14,"date":"2025-09-09T14:29:32","date_gmt":"2025-09-09T14:29:32","guid":{"rendered":"https:\/\/bandamusicajaca.es\/?page_id=14"},"modified":"2025-09-11T13:12:37","modified_gmt":"2025-09-11T13:12:37","slug":"historia","status":"publish","type":"page","link":"https:\/\/bandamusicajaca.es\/index.php\/historia\/","title":{"rendered":"Historia"},"content":{"rendered":"\t\t<div data-elementor-type=\"wp-page\" data-elementor-id=\"14\" class=\"elementor elementor-14\">\n\t\t\t\t<div class=\"elementor-element elementor-element-afce586 e-grid e-con-boxed e-con e-parent\" data-id=\"afce586\" data-element_type=\"container\" data-e-type=\"container\">\n\t\t\t\t\t<div class=\"e-con-inner\">\n\t\t\t\t<div class=\"elementor-element elementor-element-9167eb1 elementor-widget elementor-widget-heading\" data-id=\"9167eb1\" data-element_type=\"widget\" data-e-type=\"widget\" data-widget_type=\"heading.default\">\n\t\t\t\t\t<h2 class=\"elementor-heading-title elementor-size-default\">Un poco de historia...<\/h2>\t\t\t\t<\/div>\n\t\t\t\t<div class=\"elementor-element elementor-element-5847665 elementor-widget elementor-widget-text-editor\" data-id=\"5847665\" data-element_type=\"widget\" data-e-type=\"widget\" data-widget_type=\"text-editor.default\">\n\t\t\t\t\t\t\t\t\t<p>\u00a0<\/p><p>Sobre el mes de Diciembre de 1988 el Ayuntamiento de Jaca forj\u00f3 la idea de volver a crear la Banda de M\u00fasica de la Ciudad. Para ello se puso en contacto con varios aficionados a la m\u00fasica, entre los que figuraban componentes de la extinta Agrupaci\u00f3n Musical Santa Orosia, formaci\u00f3n que, comenzando su andadura all\u00e1 por el a\u00f1o 1955, de la mano del Maestro M\u00fasico y Director D. Miguel Lerma Benito (fallecido), desapareci\u00f3 alrededor de 1967.<\/p><p>A principios de a\u00f1o 1989, los deseos del Ayuntamiento y de muchos Jaqueses, se hacen realidad gracias al impulso de varios m\u00fasicos que ya hab\u00edan formado parte la extinta Agrupaci\u00f3n musical, y que junto a otros aficionados a la m\u00fasica en la Ciudad, reinician su actividad formando la nueva Banda \u201cSanta. Orosia\u201d de Jaca. Asimismo, se inici\u00f3 en este a\u00f1o la preparaci\u00f3n musical de nuevos componentes, fundamentalmente apoy\u00e1ndose en la Escuela Municipal de M\u00fasica y Danza existente en la Ciudad de Jaca.<\/p><p>Todo el trabajo llevado a cabo durante el a\u00f1o 1989, da sus frutos, ofreciendo la Banda \u201cSanta Orosia\u201d de Jaca su primer concierto el d\u00eda 22 de Noviembre del mismo a\u00f1o en la Nave Polivalente del \u201cComplejo Cultural La Paz\u201d, ante los padres y alumnos de este Centro con motivo de la Festividad de Santa Cecilia. La presentaci\u00f3n oficial se realiz\u00f3 con posterioridad, el 4 de Abril de 1990 en el Auditorio del Palacio de Congresos de la Ciudad de Jaca.<\/p><p>A lo largo de estos treinta a\u00f1os un importante n\u00famero de m\u00fasicos profesionales y aficionados o amateurs han formado parte de esta agrupaci\u00f3n musical y algunos de ellos, todav\u00eda siguen siendo componentes de la Banda. Al lado de estos m\u00fasicos fundadores y activos, cada a\u00f1o empieza a ofrecernos sus habilidades un apreciable grupo de j\u00f3venes formados en su mayor\u00eda en la Escuela Municipal de M\u00fasica y Danza \u201cPilar Bayona\u201d, con la que la Banda colabora estrechamente, aunque nuestra agrupaci\u00f3n est\u00e1 abierta a la participaci\u00f3n de toda persona de cualquier edad dispuesta a compartir su entusiasmo por la m\u00fasica, ya sea tocando un instrumento, o simplemente siguiendo nuestras actuaciones como espectador.<\/p><p>La especial vinculaci\u00f3n de la Banda Municipal de M\u00fasica con el Ayuntamiento y con la Ciudad de Jaca se hace patente en su presencia en buena parte de los actos oficiales y no oficiales de cualquier \u00edndole -c\u00edvicos, religiosos o sencillamente festivos- que en Jaca se celebran. Por tanto, la Banda de M\u00fasica Santa Orosia realiza m\u00faltiples tipos de actuaciones y numerosas actividades cada a\u00f1o: desfiles, procesiones, pasacalles, celebraciones, festivales folcl\u00f3ricos, conciertos y continuos actos de distinto tipo para los que se solicita su colaboraci\u00f3n, interpretando un extenso y variado repertorio. Un conjunto de m\u00e1s de veinte actuaciones al a\u00f1o, algunas de ellas vinculadas al convenio de colaboraci\u00f3n concertado con el Excmo. Ayuntamiento de Jaca desde 1992, cuando la agrupaci\u00f3n musical, a\u00fan ostentando el calificativo de \u201cMunicipal\u201d, se constituye como Asociaci\u00f3n independiente, pas\u00e1ndose a denominar \u201cAsociaci\u00f3n Banda Municipal de M\u00fasica Santa Orosia de Jaca\u201d. Este convenio, regulado por el Ayuntamiento de Jaca a trav\u00e9s de la Escuela Municipal de M\u00fasica, no se ci\u00f1e \u00fanicamente a la realizaci\u00f3n de una serie de actuaciones comprometidas sino que, por el contrario, ha favorecido una rica relaci\u00f3n musical con \u00e9ste, con su Escuela de M\u00fasica y con otras instituciones y agrupaciones musicales incluso fuera de nuestro territorio, siempre teniendo como objetivos la formaci\u00f3n musical, difusi\u00f3n y enriquecimiento de la actividad cultural y musical en nuestra Ciudad y all\u00e1 donde la Banda sea solicitada ya que esta agrupaci\u00f3n ha desplegado su actividad fuera del \u00e1mbito local y comarcal, ofreciendo su buen hacer en distintos puntos de Arag\u00f3n, de Espa\u00f1a (San Sebasti\u00e1n, Santiago de Compostela, Castell\u00f3n\u2026) y de Francia, siempre satisfechos por los elogios recibidos. En este aspecto nos enorgullece sobremanera la victoria obtenida en el III Certamen de Bandas de M\u00fasica \u201cCiudad de Huesca\u201d en el a\u00f1o 2005.<\/p><p>La agrupaci\u00f3n consta actualmente con una plantilla de 59 m\u00fasicos, amateur en su mayor\u00eda y algunos poseen la titulaci\u00f3n superior o profesional de m\u00fasica en sus respectivos instrumentos. Sin embargo y aunque suele ser variable, la plantilla fluct\u00faa normalmente entre los 45 y 55 m\u00fasicos.<\/p><p>Desde su creaci\u00f3n en el a\u00f1o 1989, han sido sus directores D. Jos\u00e9 Vivas Cuello, D. Domingo Solanas Do\u00f1\u00e1gueda y, actualmente, por oposici\u00f3n desde el a\u00f1o 2003, D. Rafael Mayayo Jim\u00e9nez, profesor tambi\u00e9n de la Escuela P\u00fablica Municipal de M\u00fasica y Danza de Jaca \u201cPilar Bayona\u201d.<\/p><p>La Banda de M\u00fasica Santa Orosia ofrece un amplio repertorio y tipo de actuaciones:<\/p><p>&#8211; Allegrofol\u00eda (Espect\u00e1culo sobre la historia de la m\u00fasica)<\/p><p>&#8211; Conciertos para p\u00fablico familiar. (Bandas sonoras)<\/p><p>&#8211; Pasacalles, desfiles, procesiones\u2026<\/p><p>&#8211; Conciertos\u00a0 de m\u00fasica cl\u00e1sica, popular y bailable.<\/p><p>&#8211; Conciertos con Orfeones\/Corales, con otros instrumentistas y\/o con otros Artistas, grupos de m\u00fasica o cantantes.<\/p><p>&#8211; Otros conciertos tem\u00e1ticos.<\/p>\t\t\t\t\t\t\t\t<\/div>\n\t\t\t\t\t<\/div>\n\t\t\t\t<\/div>\n\t\t<div class=\"elementor-element elementor-element-8329e67 e-flex e-con-boxed e-con e-parent\" data-id=\"8329e67\" data-element_type=\"container\" data-e-type=\"container\">\n\t\t\t\t\t<div class=\"e-con-inner\">\n\t\t\t\t<div class=\"elementor-element elementor-element-c9b7a71 elementor-widget elementor-widget-image\" data-id=\"c9b7a71\" data-element_type=\"widget\" data-e-type=\"widget\" data-widget_type=\"image.default\">\n\t\t\t\t\t\t\t\t\t\t\t\t\t\t\t<img fetchpriority=\"high\" decoding=\"async\" width=\"1020\" height=\"676\" src=\"https:\/\/bandamusicajaca.es\/wp-content\/uploads\/2025\/09\/BANDA-57-1.jpg\" class=\"attachment-large size-large wp-image-169\" alt=\"\" srcset=\"https:\/\/bandamusicajaca.es\/wp-content\/uploads\/2025\/09\/BANDA-57-1.jpg 1020w, https:\/\/bandamusicajaca.es\/wp-content\/uploads\/2025\/09\/BANDA-57-1-300x199.jpg 300w, https:\/\/bandamusicajaca.es\/wp-content\/uploads\/2025\/09\/BANDA-57-1-768x509.jpg 768w\" sizes=\"(max-width: 1020px) 100vw, 1020px\" \/>\t\t\t\t\t\t\t\t\t\t\t\t\t\t\t<\/div>\n\t\t\t\t\t<\/div>\n\t\t\t\t<\/div>\n\t\t\t\t<\/div>\n\t\t","protected":false},"excerpt":{"rendered":"<p>Un poco de historia&#8230; \u00a0 Sobre el mes de Diciembre de 1988 el Ayuntamiento de Jaca forj\u00f3 la idea de volver a crear la Banda de M\u00fasica de la Ciudad. [&hellip;]<\/p>\n","protected":false},"author":1,"featured_media":0,"parent":0,"menu_order":0,"comment_status":"closed","ping_status":"closed","template":"","meta":{"footnotes":""},"class_list":["post-14","page","type-page","status-publish","hentry","entry"],"_links":{"self":[{"href":"https:\/\/bandamusicajaca.es\/index.php\/wp-json\/wp\/v2\/pages\/14","targetHints":{"allow":["GET"]}}],"collection":[{"href":"https:\/\/bandamusicajaca.es\/index.php\/wp-json\/wp\/v2\/pages"}],"about":[{"href":"https:\/\/bandamusicajaca.es\/index.php\/wp-json\/wp\/v2\/types\/page"}],"author":[{"embeddable":true,"href":"https:\/\/bandamusicajaca.es\/index.php\/wp-json\/wp\/v2\/users\/1"}],"replies":[{"embeddable":true,"href":"https:\/\/bandamusicajaca.es\/index.php\/wp-json\/wp\/v2\/comments?post=14"}],"version-history":[{"count":37,"href":"https:\/\/bandamusicajaca.es\/index.php\/wp-json\/wp\/v2\/pages\/14\/revisions"}],"predecessor-version":[{"id":202,"href":"https:\/\/bandamusicajaca.es\/index.php\/wp-json\/wp\/v2\/pages\/14\/revisions\/202"}],"wp:attachment":[{"href":"https:\/\/bandamusicajaca.es\/index.php\/wp-json\/wp\/v2\/media?parent=14"}],"curies":[{"name":"wp","href":"https:\/\/api.w.org\/{rel}","templated":true}]}}